{"id":627,"date":"2022-06-08T18:05:13","date_gmt":"2022-06-08T16:05:13","guid":{"rendered":"https:\/\/immocapitalgroup.com\/?page_id=627"},"modified":"2025-10-01T15:49:13","modified_gmt":"2025-10-01T13:49:13","slug":"uberuns","status":"publish","type":"page","link":"https:\/\/immocapitalgroup.com\/en\/uberuns\/","title":{"rendered":"About us"},"content":{"rendered":"<div data-elementor-type=\"wp-page\" data-elementor-id=\"627\" class=\"elementor elementor-627\" data-elementor-settings=\"{&quot;element_pack_global_tooltip_width&quot;:{&quot;unit&quot;:&quot;px&quot;,&quot;size&quot;:&quot;&quot;,&quot;sizes&quot;:[]},&quot;element_pack_global_tooltip_width_tablet&quot;:{&quot;unit&quot;:&quot;px&quot;,&quot;size&quot;:&quot;&quot;,&quot;sizes&quot;:[]},&quot;element_pack_global_tooltip_width_mobile&quot;:{&quot;unit&quot;:&quot;px&quot;,&quot;size&quot;:&quot;&quot;,&quot;sizes&quot;:[]},&quot;element_pack_global_tooltip_padding&quot;:{&quot;unit&quot;:&quot;px&quot;,&quot;top&quot;:&quot;&quot;,&quot;right&quot;:&quot;&quot;,&quot;bottom&quot;:&quot;&quot;,&quot;left&quot;:&quot;&quot;,&quot;isLinked&quot;:true},&quot;element_pack_global_tooltip_padding_tablet&quot;:{&quot;unit&quot;:&quot;px&quot;,&quot;top&quot;:&quot;&quot;,&quot;right&quot;:&quot;&quot;,&quot;bottom&quot;:&quot;&quot;,&quot;left&quot;:&quot;&quot;,&quot;isLinked&quot;:true},&quot;element_pack_global_tooltip_padding_mobile&quot;:{&quot;unit&quot;:&quot;px&quot;,&quot;top&quot;:&quot;&quot;,&quot;right&quot;:&quot;&quot;,&quot;bottom&quot;:&quot;&quot;,&quot;left&quot;:&quot;&quot;,&quot;isLinked&quot;:true},&quot;element_pack_global_tooltip_border_radius&quot;:{&quot;unit&quot;:&quot;px&quot;,&quot;top&quot;:&quot;&quot;,&quot;right&quot;:&quot;&quot;,&quot;bottom&quot;:&quot;&quot;,&quot;left&quot;:&quot;&quot;,&quot;isLinked&quot;:true},&quot;element_pack_global_tooltip_border_radius_tablet&quot;:{&quot;unit&quot;:&quot;px&quot;,&quot;top&quot;:&quot;&quot;,&quot;right&quot;:&quot;&quot;,&quot;bottom&quot;:&quot;&quot;,&quot;left&quot;:&quot;&quot;,&quot;isLinked&quot;:true},&quot;element_pack_global_tooltip_border_radius_mobile&quot;:{&quot;unit&quot;:&quot;px&quot;,&quot;top&quot;:&quot;&quot;,&quot;right&quot;:&quot;&quot;,&quot;bottom&quot;:&quot;&quot;,&quot;left&quot;:&quot;&quot;,&quot;isLinked&quot;:true}}\" data-elementor-post-type=\"page\">\n\t\t\t\t<div class=\"elementor-element elementor-element-989d294 e-con-full e-flex e-con e-parent\" data-id=\"989d294\" data-element_type=\"container\" data-e-type=\"container\">\n\t\t<div class=\"elementor-element elementor-element-ccd1a19 e-con-full e-flex e-con e-child\" data-id=\"ccd1a19\" data-element_type=\"container\" data-e-type=\"container\" data-settings=\"{&quot;background_background&quot;:&quot;classic&quot;}\">\n\t\t\t\t<div class=\"elementor-element elementor-element-64b6026 elementor-widget elementor-widget-spacer\" data-id=\"64b6026\" data-element_type=\"widget\" data-e-type=\"widget\" data-widget_type=\"spacer.default\">\n\t\t\t\t<div class=\"elementor-widget-container\">\n\t\t\t\t\t\t\t<div class=\"elementor-spacer\">\n\t\t\t<div class=\"elementor-spacer-inner\"><\/div>\n\t\t<\/div>\n\t\t\t\t\t\t<\/div>\n\t\t\t\t<\/div>\n\t\t\t\t<\/div>\n\t\t<div class=\"elementor-element elementor-element-0932534 e-con-full e-flex e-con e-child\" data-id=\"0932534\" data-element_type=\"container\" data-e-type=\"container\">\n\t\t<div class=\"elementor-element elementor-element-d324d17 e-con-full e-flex e-con e-child\" data-id=\"d324d17\" data-element_type=\"container\" data-e-type=\"container\">\n\t\t<div class=\"elementor-element elementor-element-c7cf109 e-con-full e-flex e-con e-child\" data-id=\"c7cf109\" data-element_type=\"container\" data-e-type=\"container\">\n\t\t\t\t<div class=\"elementor-element elementor-element-bb3a89f elementor-widget elementor-widget-heading\" data-id=\"bb3a89f\" data-element_type=\"widget\" data-e-type=\"widget\" data-widget_type=\"heading.default\">\n\t\t\t\t<div class=\"elementor-widget-container\">\n\t\t\t\t\t<h2 class=\"elementor-heading-title elementor-size-default\">About us<\/h2>\t\t\t\t<\/div>\n\t\t\t\t<\/div>\n\t\t\t\t<div class=\"elementor-element elementor-element-440dec1 elementor-widget__width-auto elementor-widget elementor-widget-heading\" data-id=\"440dec1\" data-element_type=\"widget\" data-e-type=\"widget\" data-widget_type=\"heading.default\">\n\t\t\t\t<div class=\"elementor-widget-container\">\n\t\t\t\t\t<h6 class=\"elementor-heading-title elementor-size-default\">EXPERIENCED PARTNERS<\/h6>\t\t\t\t<\/div>\n\t\t\t\t<\/div>\n\t\t\t\t<div class=\"elementor-element elementor-element-0319839 elementor-widget elementor-widget-text-editor\" data-id=\"0319839\" data-element_type=\"widget\" data-e-type=\"widget\" data-widget_type=\"text-editor.default\">\n\t\t\t\t<div class=\"elementor-widget-container\">\n\t\t\t\t\t\t\t\t\t<div class=\"uncode_text_column text-lead\"><div class=\"uncode_text_column text-lead\"><p>Trust is the key to our work at IMMO Capital Group. Our company lives and leads with deeply rooted values and stands for responsibility, transparency and integrity. We value our investors and partners who enable us to grow and expand in the real estate market and thus write a success story together. If you have any questions about our company or our work, do not hesitate to contact us. We are happy to hear from them!<\/p><\/div><\/div>\t\t\t\t\t\t\t\t<\/div>\n\t\t\t\t<\/div>\n\t\t\t\t<\/div>\n\t\t\t\t<\/div>\n\t\t\t\t<\/div>\n\t\t\t\t<\/div>\n\t\t<div class=\"elementor-element elementor-element-9b89658 e-flex e-con-boxed e-con e-parent\" data-id=\"9b89658\" data-element_type=\"container\" data-e-type=\"container\">\n\t\t\t\t\t<div class=\"e-con-inner\">\n\t\t<div class=\"elementor-element elementor-element-d307aa1 e-con-full e-flex e-con e-child\" data-id=\"d307aa1\" data-element_type=\"container\" data-e-type=\"container\" data-settings=\"{&quot;background_background&quot;:&quot;classic&quot;}\">\n\t\t<div class=\"elementor-element elementor-element-e11f395 e-con-full e-flex e-con e-child\" data-id=\"e11f395\" data-element_type=\"container\" data-e-type=\"container\">\n\t\t\t\t<div class=\"elementor-element elementor-element-b388290 elementor-widget elementor-widget-image\" data-id=\"b388290\" data-element_type=\"widget\" data-e-type=\"widget\" data-widget_type=\"image.default\">\n\t\t\t\t<div class=\"elementor-widget-container\">\n\t\t\t\t\t\t\t\t\t\t\t\t\t\t\t<img fetchpriority=\"high\" decoding=\"async\" width=\"640\" height=\"781\" src=\"https:\/\/immocapitalgroup.com\/wp-content\/uploads\/2023\/06\/Bildschirmfoto-2023-06-15-um-11.05.59.webp\" class=\"attachment-full size-full wp-image-2601\" alt=\"\" srcset=\"https:\/\/immocapitalgroup.com\/wp-content\/uploads\/2023\/06\/Bildschirmfoto-2023-06-15-um-11.05.59.webp 640w, https:\/\/immocapitalgroup.com\/wp-content\/uploads\/2023\/06\/Bildschirmfoto-2023-06-15-um-11.05.59-246x300.webp 246w, https:\/\/immocapitalgroup.com\/wp-content\/uploads\/2023\/06\/Bildschirmfoto-2023-06-15-um-11.05.59-10x12.webp 10w\" sizes=\"(max-width: 640px) 100vw, 640px\" \/>\t\t\t\t\t\t\t\t\t\t\t\t\t\t\t<\/div>\n\t\t\t\t<\/div>\n\t\t\t\t<\/div>\n\t\t<div class=\"elementor-element elementor-element-57ee800 e-con-full e-flex e-con e-child\" data-id=\"57ee800\" data-element_type=\"container\" data-e-type=\"container\">\n\t\t\t\t<div class=\"elementor-element elementor-element-bf419ab elementor-widget elementor-widget-text-editor\" data-id=\"bf419ab\" data-element_type=\"widget\" data-e-type=\"widget\" data-widget_type=\"text-editor.default\">\n\t\t\t\t<div class=\"elementor-widget-container\">\n\t\t\t\t\t\t\t\t\t<p class=\"translation-block\">Mike is the CEO and founder of the IMMO Capital Group. He is responsible for the real estate market, mainly focusing on managing current real estate investments and seeking out further attractive projects. He is also the founder of the acquired firms Reshape &amp; Design GmbH and Property Invest Deutschland GmbH, through a merger. \nPrior to founding the various companies, Mike worked at the Blackstone Group in New York specializing in real estate debt strategies. He oversaw the portfolio wide real estate valuation process and provided fund summaries on behalf of the private real estate drawdown funds. He graduated with a Cum Laude Bachelor's Degree in Financial Economics from Columbia University in New York (U.S.). Mike is fluent in English, German, French, Luxembourgish, Spanish, Dutch and Italian.<\/p>\t\t\t\t\t\t\t\t<\/div>\n\t\t\t\t<\/div>\n\t\t\t\t<div class=\"elementor-element elementor-element-e8ba940 elementor-widget__width-inherit elementor-widget elementor-widget-heading\" data-id=\"e8ba940\" data-element_type=\"widget\" data-e-type=\"widget\" data-widget_type=\"heading.default\">\n\t\t\t\t<div class=\"elementor-widget-container\">\n\t\t\t\t\t<h2 class=\"elementor-heading-title elementor-size-default\">Chief Executive Officer\n<\/h2>\t\t\t\t<\/div>\n\t\t\t\t<\/div>\n\t\t\t\t<div class=\"elementor-element elementor-element-3ac590d elementor-widget elementor-widget-heading\" data-id=\"3ac590d\" data-element_type=\"widget\" data-e-type=\"widget\" data-widget_type=\"heading.default\">\n\t\t\t\t<div class=\"elementor-widget-container\">\n\t\t\t\t\t<h2 class=\"elementor-heading-title elementor-size-default\">Mike Vermeer<\/h2>\t\t\t\t<\/div>\n\t\t\t\t<\/div>\n\t\t\t\t<\/div>\n\t\t\t\t<\/div>\n\t\t<div class=\"elementor-element elementor-element-f7fb6a4 e-con-full e-flex e-con e-child\" data-id=\"f7fb6a4\" data-element_type=\"container\" data-e-type=\"container\" data-settings=\"{&quot;background_background&quot;:&quot;classic&quot;}\">\n\t\t<div class=\"elementor-element elementor-element-0d268f8 e-con-full e-flex e-con e-child\" data-id=\"0d268f8\" data-element_type=\"container\" data-e-type=\"container\">\n\t\t\t\t<div class=\"elementor-element elementor-element-8fed34e elementor-widget elementor-widget-image\" data-id=\"8fed34e\" data-element_type=\"widget\" data-e-type=\"widget\" data-widget_type=\"image.default\">\n\t\t\t\t<div class=\"elementor-widget-container\">\n\t\t\t\t\t\t\t\t\t\t\t\t\t\t\t<img decoding=\"async\" width=\"637\" height=\"762\" src=\"https:\/\/immocapitalgroup.com\/wp-content\/uploads\/2023\/06\/Bildschirmfoto-2023-06-15-um-11.06.09.webp\" class=\"attachment-full size-full wp-image-2602\" alt=\"\" srcset=\"https:\/\/immocapitalgroup.com\/wp-content\/uploads\/2023\/06\/Bildschirmfoto-2023-06-15-um-11.06.09.webp 637w, https:\/\/immocapitalgroup.com\/wp-content\/uploads\/2023\/06\/Bildschirmfoto-2023-06-15-um-11.06.09-251x300.webp 251w, https:\/\/immocapitalgroup.com\/wp-content\/uploads\/2023\/06\/Bildschirmfoto-2023-06-15-um-11.06.09-10x12.webp 10w\" sizes=\"(max-width: 637px) 100vw, 637px\" \/>\t\t\t\t\t\t\t\t\t\t\t\t\t\t\t<\/div>\n\t\t\t\t<\/div>\n\t\t\t\t<\/div>\n\t\t<div class=\"elementor-element elementor-element-af36685 e-con-full e-flex e-con e-child\" data-id=\"af36685\" data-element_type=\"container\" data-e-type=\"container\">\n\t\t\t\t<div class=\"elementor-element elementor-element-3d17c23 elementor-widget elementor-widget-text-editor\" data-id=\"3d17c23\" data-element_type=\"widget\" data-e-type=\"widget\" data-widget_type=\"text-editor.default\">\n\t\t\t\t<div class=\"elementor-widget-container\">\n\t\t\t\t\t\t\t\t\t<p class=\"translation-block\">Lara is the COO of the IMMO Capital Group. Her responsibilities include managing internal procedures, monitoring the day-to-day operations, the coordination of employees and the internal controlling of the projects within the Group and its diverse entities.\nPrior to joining the company in 2022, Lara worked as a Senior Auditor at Ernst and Young Luxembourg where she looked after clients in the Assurance line. She was mainly focused on the audit of commercial companies for the German and Luxembourgish market. Lara graduated Suma Cum Laude with a Bachelor's Degree in International Business from Oral Roberts University in Tulsa, Oklahoma (U.S.) before earning a Master Degree with Distinction in Organizational Project Management from Bournemouth University in England. Lara is originally from Berlin, Germany, and she speaks German and English fluently.<\/p>\t\t\t\t\t\t\t\t<\/div>\n\t\t\t\t<\/div>\n\t\t\t\t<div class=\"elementor-element elementor-element-a95fd87 elementor-widget__width-inherit elementor-widget elementor-widget-heading\" data-id=\"a95fd87\" data-element_type=\"widget\" data-e-type=\"widget\" data-widget_type=\"heading.default\">\n\t\t\t\t<div class=\"elementor-widget-container\">\n\t\t\t\t\t<h2 class=\"elementor-heading-title elementor-size-default\">Chief Operating Officer<\/h2>\t\t\t\t<\/div>\n\t\t\t\t<\/div>\n\t\t\t\t<div class=\"elementor-element elementor-element-b35c0e4 elementor-widget__width-inherit elementor-widget elementor-widget-heading\" data-id=\"b35c0e4\" data-element_type=\"widget\" data-e-type=\"widget\" data-widget_type=\"heading.default\">\n\t\t\t\t<div class=\"elementor-widget-container\">\n\t\t\t\t\t<h2 class=\"elementor-heading-title elementor-size-default\">Lara Picht<\/h2>\t\t\t\t<\/div>\n\t\t\t\t<\/div>\n\t\t\t\t<\/div>\n\t\t\t\t<\/div>\n\t\t<div class=\"elementor-element elementor-element-4bd23aa e-con-full e-flex e-con e-child\" data-id=\"4bd23aa\" data-element_type=\"container\" data-e-type=\"container\" data-settings=\"{&quot;background_background&quot;:&quot;classic&quot;}\">\n\t\t<div class=\"elementor-element elementor-element-d853de4 e-con-full e-flex e-con e-child\" data-id=\"d853de4\" data-element_type=\"container\" data-e-type=\"container\">\n\t\t\t\t<div class=\"elementor-element elementor-element-c173a4a elementor-widget elementor-widget-image\" data-id=\"c173a4a\" data-element_type=\"widget\" data-e-type=\"widget\" data-widget_type=\"image.default\">\n\t\t\t\t<div class=\"elementor-widget-container\">\n\t\t\t\t\t\t\t\t\t\t\t\t\t\t\t<img decoding=\"async\" width=\"660\" height=\"826\" src=\"https:\/\/immocapitalgroup.com\/wp-content\/uploads\/2023\/06\/Bildschirmfoto-2023-06-15-um-11.05.48.webp\" class=\"attachment-full size-full wp-image-2603\" alt=\"\" srcset=\"https:\/\/immocapitalgroup.com\/wp-content\/uploads\/2023\/06\/Bildschirmfoto-2023-06-15-um-11.05.48.webp 660w, https:\/\/immocapitalgroup.com\/wp-content\/uploads\/2023\/06\/Bildschirmfoto-2023-06-15-um-11.05.48-240x300.webp 240w, https:\/\/immocapitalgroup.com\/wp-content\/uploads\/2023\/06\/Bildschirmfoto-2023-06-15-um-11.05.48-10x12.webp 10w\" sizes=\"(max-width: 660px) 100vw, 660px\" \/>\t\t\t\t\t\t\t\t\t\t\t\t\t\t\t<\/div>\n\t\t\t\t<\/div>\n\t\t\t\t<\/div>\n\t\t<div class=\"elementor-element elementor-element-5213cc9 e-con-full e-flex e-con e-child\" data-id=\"5213cc9\" data-element_type=\"container\" data-e-type=\"container\">\n\t\t\t\t<div class=\"elementor-element elementor-element-839dd25 elementor-widget elementor-widget-text-editor\" data-id=\"839dd25\" data-element_type=\"widget\" data-e-type=\"widget\" data-widget_type=\"text-editor.default\">\n\t\t\t\t<div class=\"elementor-widget-container\">\n\t\t\t\t\t\t\t\t\t<p class=\"translation-block\">Gerrit is the CFO of the IMMO Capital Group. He is responsible for the financial planning, analysis and reporting, managing risks, optimizing capital allocation and ensuring compliance with financial regulations within the Group. \nBefore joining the company in 2022, he worked eight years at Ernst &amp; Young Luxembourg for Audit Services, where he received IFRS, PCAOB and SEC certifications working on the financial statement consolidation under LUX GAAP, IFRS and US GAAP. In 2021, Gerrit passed the exam for certified public accountants under Luxembourgish law. Gerrit holds a Bachelor of Management and Business Economics from the University Sorbonne Paris (France), a Master of Management and Finance from EBS Business School Oestrich-Winkel (Germany) and a Master of Innovation and Entrepreneurship from University Paris Dauphine (France). He is fluent in English, German, French and Luxembourgish.<\/p>\t\t\t\t\t\t\t\t<\/div>\n\t\t\t\t<\/div>\n\t\t\t\t<div class=\"elementor-element elementor-element-6bd9d43 elementor-widget__width-inherit elementor-widget elementor-widget-heading\" data-id=\"6bd9d43\" data-element_type=\"widget\" data-e-type=\"widget\" data-widget_type=\"heading.default\">\n\t\t\t\t<div class=\"elementor-widget-container\">\n\t\t\t\t\t<h2 class=\"elementor-heading-title elementor-size-default\">Chief Financial Officer\n<\/h2>\t\t\t\t<\/div>\n\t\t\t\t<\/div>\n\t\t\t\t<div class=\"elementor-element elementor-element-7a4e612 elementor-widget elementor-widget-heading\" data-id=\"7a4e612\" data-element_type=\"widget\" data-e-type=\"widget\" data-widget_type=\"heading.default\">\n\t\t\t\t<div class=\"elementor-widget-container\">\n\t\t\t\t\t<h2 class=\"elementor-heading-title elementor-size-default\">Gerrit Br\u00fcck<\/h2>\t\t\t\t<\/div>\n\t\t\t\t<\/div>\n\t\t\t\t<\/div>\n\t\t\t\t<\/div>\n\t\t\t\t\t<\/div>\n\t\t\t\t<\/div>\n\t\t\t\t<\/div>","protected":false},"excerpt":{"rendered":"<p>\u00dcber uns erfahrene partner Vertrauen ist der Schl\u00fcssel f\u00fcr unsere Arbeit bei der IMMO Capital Group. Unser Unternehmen lebt und f\u00fchrt mit [&hellip;]<\/p>\n","protected":false},"author":1,"featured_media":0,"parent":0,"menu_order":0,"comment_status":"closed","ping_status":"closed","template":"","meta":{"footnotes":""},"class_list":["post-627","page","type-page","status-publish","hentry"],"_links":{"self":[{"href":"https:\/\/immocapitalgroup.com\/en\/wp-json\/wp\/v2\/pages\/627","targetHints":{"allow":["GET"]}}],"collection":[{"href":"https:\/\/immocapitalgroup.com\/en\/wp-json\/wp\/v2\/pages"}],"about":[{"href":"https:\/\/immocapitalgroup.com\/en\/wp-json\/wp\/v2\/types\/page"}],"author":[{"embeddable":true,"href":"https:\/\/immocapitalgroup.com\/en\/wp-json\/wp\/v2\/users\/1"}],"replies":[{"embeddable":true,"href":"https:\/\/immocapitalgroup.com\/en\/wp-json\/wp\/v2\/comments?post=627"}],"version-history":[{"count":52,"href":"https:\/\/immocapitalgroup.com\/en\/wp-json\/wp\/v2\/pages\/627\/revisions"}],"predecessor-version":[{"id":4124,"href":"https:\/\/immocapitalgroup.com\/en\/wp-json\/wp\/v2\/pages\/627\/revisions\/4124"}],"wp:attachment":[{"href":"https:\/\/immocapitalgroup.com\/en\/wp-json\/wp\/v2\/media?parent=627"}],"curies":[{"name":"wp","href":"https:\/\/api.w.org\/{rel}","templated":true}]}}